{"id":69,"date":"2020-02-13T14:18:56","date_gmt":"2020-02-13T14:18:56","guid":{"rendered":"https:\/\/gpsites.co\/avery\/?page_id=69"},"modified":"2020-02-13T14:18:56","modified_gmt":"2020-02-13T14:18:56","slug":"ueber-mich","status":"publish","type":"page","link":"https:\/\/petrathecfo.de\/index.php\/ueber-mich\/","title":{"rendered":"\u00dcber mich"},"content":{"rendered":"<div class=\"gb-container gb-container-baa4236a\"><div class=\"gb-inside-container\">\n\n<figure class=\"wp-block-image size-large\"><img loading=\"lazy\" decoding=\"async\" width=\"1024\" height=\"683\" src=\"https:\/\/petrathecfo.de\/wp-content\/uploads\/2020\/11\/petra_the_cfo-1024x683.jpg\" alt=\"\" class=\"wp-image-20489\" srcset=\"https:\/\/petrathecfo.de\/wp-content\/uploads\/2020\/11\/petra_the_cfo-1024x683.jpg 1024w, https:\/\/petrathecfo.de\/wp-content\/uploads\/2020\/11\/petra_the_cfo-300x200.jpg 300w, https:\/\/petrathecfo.de\/wp-content\/uploads\/2020\/11\/petra_the_cfo-768x512.jpg 768w, https:\/\/petrathecfo.de\/wp-content\/uploads\/2020\/11\/petra_the_cfo-1536x1025.jpg 1536w, https:\/\/petrathecfo.de\/wp-content\/uploads\/2020\/11\/petra_the_cfo.jpg 1920w\" sizes=\"auto, (max-width: 1024px) 100vw, 1024px\" \/><\/figure>\n\n\n\n<h1 class=\"gb-headline gb-headline-cc7df775 gb-headline-text\">petraTheCFO: Finance- und Digitalisierungs- Expertin mit Empathie und Weitblick.<\/h1>\n\n\n\n<p>Hallo, ich bin Petra. In der derzeitigen Krise m\u00f6chte ich Dich mit meiner Erfahrung unterst\u00fctzen und  Dir helfen die schwierigen Zeiten zu \u00fcberstehen und gest\u00e4rkt daraus hervorzugehen. <\/p>\n\n\n\n<p>Geboren bin ich in Siegen, habe Betriebswirtschaftslehre mit Schwerpunkt Wirtschaftspr\u00fcfung, Steuerrecht und Technologie- und  Medienmanagement an der Universit\u00e4t zu K\u00f6ln studiert. <\/p>\n\n\n\n<p>Ich habe Freude am Anpacken und L\u00f6sungen umsetzen. Mittlerweile habe ich fast 20 Jahre Berufserfahrung gesammelt. Zun\u00e4chst in Festanstellungen im Finance-, Controlling- und M&amp;A Bereich bei den gr\u00f6\u00dften Medien- und Technologiekonzernen Europas. Seit 2016 bin ich selbst\u00e4ndig als Unternehmensberaterin\/BusinessCoach und Interim CFO t\u00e4tig. <\/p>\n\n\n\n<p>Was mir besonders am Herzen liegt, ist Dein \u201edigitales Empowerment\u201c. Ich m\u00f6chte Dich als Unternehmer\/in st\u00e4rken indem ich Dich mit digitalen Tools vertraut mache, damit Du das gro\u00dfe Potenzial dieser innovativen Methoden aussch\u00f6pfen kannst, um Dein Unternehmen nach vorne zu bringen. <\/p>\n\n<\/div><\/div>\n\n<div class=\"gb-container gb-container-da73fae6\"><div class=\"gb-inside-container\"><\/div><\/div>","protected":false},"excerpt":{"rendered":"<p> &#8230; <a title=\"\u00dcber mich\" class=\"read-more\" href=\"https:\/\/petrathecfo.de\/index.php\/ueber-mich\/\" aria-label=\"Read more about \u00dcber mich\">Read More<\/a><\/p>\n","protected":false},"author":1,"featured_media":0,"parent":0,"menu_order":0,"comment_status":"closed","ping_status":"closed","template":"","meta":{"footnotes":""},"class_list":["post-69","page","type-page","status-publish"],"_links":{"self":[{"href":"https:\/\/petrathecfo.de\/index.php\/wp-json\/wp\/v2\/pages\/69","targetHints":{"allow":["GET"]}}],"collection":[{"href":"https:\/\/petrathecfo.de\/index.php\/wp-json\/wp\/v2\/pages"}],"about":[{"href":"https:\/\/petrathecfo.de\/index.php\/wp-json\/wp\/v2\/types\/page"}],"author":[{"embeddable":true,"href":"https:\/\/petrathecfo.de\/index.php\/wp-json\/wp\/v2\/users\/1"}],"replies":[{"embeddable":true,"href":"https:\/\/petrathecfo.de\/index.php\/wp-json\/wp\/v2\/comments?post=69"}],"version-history":[{"count":0,"href":"https:\/\/petrathecfo.de\/index.php\/wp-json\/wp\/v2\/pages\/69\/revisions"}],"wp:attachment":[{"href":"https:\/\/petrathecfo.de\/index.php\/wp-json\/wp\/v2\/media?parent=69"}],"curies":[{"name":"wp","href":"https:\/\/api.w.org\/{rel}","templated":true}]}}