{"id":25,"date":"2020-02-13T13:17:50","date_gmt":"2020-02-13T18:17:50","guid":{"rendered":"https:\/\/gpsites.co\/avery\/?page_id=25"},"modified":"2025-02-12T11:12:22","modified_gmt":"2025-02-12T10:12:22","slug":"home","status":"publish","type":"page","link":"https:\/\/petrathecfo.de\/","title":{"rendered":"Home"},"content":{"rendered":"<div class=\"gb-container gb-container-692440e1\"><div class=\"gb-inside-container\">\n\n<h1 class=\"gb-headline gb-headline-5ecf89a7 gb-headline-text\">  Krisen meistern. Neues wagen.<br>Besser werden.<\/h1>\n\n\n\n<p class=\"gb-headline gb-headline-7e3f0063 gb-headline-text\">krise als chance &#8211; kostenlose Tipps<\/p>\n\n<\/div><\/div>\n\n<div class=\"gb-container gb-container-55305c06\"><div class=\"gb-inside-container\">\n\n<h2 class=\"gb-headline gb-headline-77106798\"><span class=\"gb-icon\"><svg width=\"24\" viewBox=\"0 0 24 24\" height=\"24\" xmlns=\"http:\/\/www.w3.org\/2000\/svg\"><path fill=\"none\" d=\"M0 0h24v24H0V0z\"><\/path><path d=\"M7 15h7v2H7zm0-4h10v2H7zm0-4h10v2H7zm12-4h-4.18C14.4 1.84 13.3 1 12 1c-1.3 0-2.4.84-2.82 2H5c-.14 0-.27.01-.4.04-.39.08-.74.28-1.01.55-.18.18-.33.4-.43.64-.1.23-.16.49-.16.77v14c0 .27.06.54.16.78s.25.45.43.64c.27.27.62.47 1.01.55.13.02.26.03.4.03h14c1.1 0 2-.9 2-2V5c0-1.1-.9-2-2-2zm-7-.25c.41 0 .75.34.75.75s-.34.75-.75.75-.75-.34-.75-.75.34-.75.75-.75zM19 19H5V5h14v14z\"><\/path><\/svg><\/span><span class=\"gb-headline-text\">Meine neuesten Beitr\u00e4ge<\/span><\/h2>\n\n\n<style>.wp-show-posts-columns#wpsp-20679 {margin-left: -2em; }.wp-show-posts-columns#wpsp-20679 .wp-show-posts-inner {margin: 0 0 2em 2em; }<\/style><section id=\"wpsp-20679\" class=\" wp-show-posts-columns wp-show-posts\" style=\"\"><article class=\" wp-show-posts-single post-20314 post type-post status-publish format-standard has-post-thumbnail hentry category-alle category-business-tipps category-covid-19 category-finanzensteuern tag-debitorenmanagement tag-digitalisierung tag-produktivitaet tag-prozessoptimierung wpsp-col-4\" itemtype=\"http:\/\/schema.org\/CreativeWork\" itemscope><div class=\"wp-show-posts-inner\" style=\"\">\t\t<div class=\"wp-show-posts-image  wpsp-image-left \">\n\t\t\t<a href=\"https:\/\/petrathecfo.de\/index.php\/2021\/06\/20\/3-tipps-wie-du-in-deinem-unternehmen-zeit-geld-sparen-kannst\/\"  title=\"3 Tipps, wie Du in Deinem Unternehmen Zeit &#038; Geld sparen kannst\"><img decoding=\"async\" src=\"https:\/\/petrathecfo.de\/wp-content\/uploads\/2021\/03\/undraw_our_solution_htvp.svg\" class=\"attachment-full size-full wp-post-image\" alt=\"\" itemprop=\"image\" \/><\/a>\t\t<\/div>\n\t\t\t\t\t\t\t\t<header class=\"wp-show-posts-entry-header\">\n\t\t\t\t\t\t\t<h2 class=\"wp-show-posts-entry-title\" itemprop=\"headline\"><a href=\"https:\/\/petrathecfo.de\/index.php\/2021\/06\/20\/3-tipps-wie-du-in-deinem-unternehmen-zeit-geld-sparen-kannst\/\" rel=\"bookmark\">3 Tipps, wie Du in Deinem Unternehmen Zeit &#038; Geld sparen kannst<\/a><\/h2><div class=\"wp-show-posts-entry-meta wp-show-posts-entry-meta-below-title post-meta-inline\"><span class=\"wp-show-posts-posted-on wp-show-posts-meta\">\n\t\t\t\t\t<a href=\"https:\/\/petrathecfo.de\/index.php\/2021\/06\/20\/3-tipps-wie-du-in-deinem-unternehmen-zeit-geld-sparen-kannst\/\" title=\"17:10\" rel=\"bookmark\"><time class=\"wp-show-posts-entry-date published\" datetime=\"2021-06-20T17:10:00+02:00\" itemprop=\"datePublished\">20. June 2021<\/time><time class=\"wp-show-posts-updated\" datetime=\"2025-02-09T13:01:36+01:00\" itemprop=\"dateModified\">9. February 2025<\/time><\/a>\n\t\t\t\t<\/span><\/div>\t\t\t\t\t\t<\/header><!-- .entry-header -->\n\t\t\t\t\t<\/div><!-- wp-show-posts-inner --><\/article><article class=\" wp-show-posts-single post-20294 post type-post status-publish format-standard has-post-thumbnail hentry category-alle category-business-tipps category-covid-19 category-finanzensteuern tag-datenschutz tag-dienstleister tag-produktivitaet wpsp-col-4\" itemtype=\"http:\/\/schema.org\/CreativeWork\" itemscope><div class=\"wp-show-posts-inner\" style=\"\">\t\t<div class=\"wp-show-posts-image  wpsp-image-left \">\n\t\t\t<a href=\"https:\/\/petrathecfo.de\/index.php\/2021\/05\/23\/4-schlechte-angewohnheiten-die-dich-als-unternehmer-teuer-zu-stehen-kommen-koennen\/\"  title=\"4 schlechte Angewohnheiten, die Dich als Unternehmer teuer zu stehen kommen k\u00f6nnen\"><img decoding=\"async\" src=\"https:\/\/petrathecfo.de\/wp-content\/uploads\/2021\/01\/Schlechte-Angewohnheiten.svg\" class=\"attachment-full size-full wp-post-image\" alt=\"\" itemprop=\"image\" \/><\/a>\t\t<\/div>\n\t\t\t\t\t\t\t\t<header class=\"wp-show-posts-entry-header\">\n\t\t\t\t\t\t\t<h2 class=\"wp-show-posts-entry-title\" itemprop=\"headline\"><a href=\"https:\/\/petrathecfo.de\/index.php\/2021\/05\/23\/4-schlechte-angewohnheiten-die-dich-als-unternehmer-teuer-zu-stehen-kommen-koennen\/\" rel=\"bookmark\">4 schlechte Angewohnheiten, die Dich als Unternehmer teuer zu stehen kommen k\u00f6nnen<\/a><\/h2><div class=\"wp-show-posts-entry-meta wp-show-posts-entry-meta-below-title post-meta-inline\"><span class=\"wp-show-posts-posted-on wp-show-posts-meta\">\n\t\t\t\t\t<a href=\"https:\/\/petrathecfo.de\/index.php\/2021\/05\/23\/4-schlechte-angewohnheiten-die-dich-als-unternehmer-teuer-zu-stehen-kommen-koennen\/\" title=\"16:08\" rel=\"bookmark\"><time class=\"wp-show-posts-entry-date published\" datetime=\"2021-05-23T16:08:00+02:00\" itemprop=\"datePublished\">23. May 2021<\/time><time class=\"wp-show-posts-updated\" datetime=\"2025-02-09T13:01:36+01:00\" itemprop=\"dateModified\">9. February 2025<\/time><\/a>\n\t\t\t\t<\/span><\/div>\t\t\t\t\t\t<\/header><!-- .entry-header -->\n\t\t\t\t\t<\/div><!-- wp-show-posts-inner --><\/article><article class=\" wp-show-posts-single post-20228 post type-post status-publish format-standard has-post-thumbnail hentry category-alle category-business-tipps category-covid-19 category-finanzensteuern tag-kostenanalyse tag-preisgestaltung tag-verhandlungstaktik wpsp-col-4\" itemtype=\"http:\/\/schema.org\/CreativeWork\" itemscope><div class=\"wp-show-posts-inner\" style=\"\">\t\t<div class=\"wp-show-posts-image  wpsp-image-left \">\n\t\t\t<a href=\"https:\/\/petrathecfo.de\/index.php\/2021\/04\/25\/die-3-groessten-fehler-bei-preisverhandlungen-und-wie-sie-sie-vermeiden\/\"  title=\"Die 3 gr\u00f6\u00dften Fehler bei Preisverhandlungen, und wie Du sie vermeidest\"><img decoding=\"async\" src=\"https:\/\/petrathecfo.de\/wp-content\/uploads\/2021\/01\/Vertragsverhandlung-1.svg\" class=\"attachment-full size-full wp-post-image\" alt=\"\" itemprop=\"image\" \/><\/a>\t\t<\/div>\n\t\t\t\t\t\t\t\t<header class=\"wp-show-posts-entry-header\">\n\t\t\t\t\t\t\t<h2 class=\"wp-show-posts-entry-title\" itemprop=\"headline\"><a href=\"https:\/\/petrathecfo.de\/index.php\/2021\/04\/25\/die-3-groessten-fehler-bei-preisverhandlungen-und-wie-sie-sie-vermeiden\/\" rel=\"bookmark\">Die 3 gr\u00f6\u00dften Fehler bei Preisverhandlungen, und wie Du sie vermeidest<\/a><\/h2><div class=\"wp-show-posts-entry-meta wp-show-posts-entry-meta-below-title post-meta-inline\"><span class=\"wp-show-posts-posted-on wp-show-posts-meta\">\n\t\t\t\t\t<a href=\"https:\/\/petrathecfo.de\/index.php\/2021\/04\/25\/die-3-groessten-fehler-bei-preisverhandlungen-und-wie-sie-sie-vermeiden\/\" title=\"13:12\" rel=\"bookmark\"><time class=\"wp-show-posts-entry-date published\" datetime=\"2021-04-25T13:12:00+02:00\" itemprop=\"datePublished\">25. April 2021<\/time><time class=\"wp-show-posts-updated\" datetime=\"2025-02-09T13:01:36+01:00\" itemprop=\"dateModified\">9. February 2025<\/time><\/a>\n\t\t\t\t<\/span><\/div>\t\t\t\t\t\t<\/header><!-- .entry-header -->\n\t\t\t\t\t<\/div><!-- wp-show-posts-inner --><\/article><div class=\"wpsp-clear\"><\/div><\/section><!-- .wp-show-posts -->\n\n\n<div class=\"gb-container gb-container-d9a50135\"><div class=\"gb-inside-container\">\n\n<p>Alles um uns herum ver\u00e4ndert sich gerade, die Unternehmens- und Wettbewerbslandschaft, vertraute M\u00e4rkte, die globale Wirtschaft. Nichts ist mehr so wie es einst war. Was kommt nach Corona? Werden wir zur gewohnten Normalit\u00e4t zur\u00fcckkehren? Oder m\u00fcssen wir mit &#8220;The New Normal&#8221; leben?<\/p>\n\n\n\n<p>Die eigentliche Frage ist, kannst <strong>Du<\/strong> mit den aktuellen externen Ver\u00e4nderungen Schritt halten? Hast <strong>Du<\/strong> Dich an diese neue Art zu Arbeiten, das neue Krisenumfeld, angepasst?<\/p>\n\n\n\n<p>Unz\u00e4hlige Unternehmen stehen durch die aktuelle Wirtschaftskrise unter gro\u00dfem Druck, jetzt und sofort: besser, schneller, g\u00fcnstiger, digitaler und agiler zu werden. Aber viele greifen dazu nur auf vertraute und erprobte Methoden und Strategien zur\u00fcck, von denen man annimmt, dass sie auch in dieser Krise funktionieren. \u2026aber sind sie damit erfolgreich?<\/p>\n\n\n\n<p>Ich stehe Dir in der Krise als Dein Sparringspartner mit vielen Tipps zur Seite, um Dir zu helfen, pragmatische und einfach umsetzbare L\u00f6sungen zu schaffen, damit Dein Unternehmen schnellstm\u00f6glich wieder auf einem felsenfesten (finanziellen) Fundament steht und in der Lage ist, unvorhergesehenen Marktbedingungen standzuhalten.<\/p>\n\n<\/div><\/div>\n<\/div><\/div>\n\n<div class=\"gb-container gb-container-a4dfaecf\"><div class=\"gb-inside-container\">\n<div class=\"gb-grid-wrapper gb-grid-wrapper-fc67b5e6\">\n<div class=\"gb-grid-column gb-grid-column-2e31afae\"><div class=\"gb-container gb-container-2e31afae\"><div class=\"gb-inside-container\">\n\n<h3 class=\"gb-headline gb-headline-4012d1e8 gb-headline-text\">\u00dcber mich<\/h3>\n\n\n\n<p>Hallo, ich bin Petra und auf Unternehmen in kritischen Phasen spezialisiert. In schwierigen und herausfordernden Zeiten stehe ich Dir zur Seite und helfe Dir, Umbruchsituationen wie die derzeitige Corona Krise nicht nur (finanziell) zu meistern, sondern besser daraus hervorzugehen.<\/p>\n\n\n<div class=\"gb-button-wrapper gb-button-wrapper-cf1ce00f\">\n\n<a class=\"gb-button gb-button-f9081d90 gb-button-text\" href=\"\/\/petrathecfo.de\/?page_id=69\" rel=\"nofollow\">Mehr erfahren<\/a>\n\n<\/div>\n<\/div><\/div><\/div>\n\n<div class=\"gb-grid-column gb-grid-column-fae809fc\"><div class=\"gb-container gb-container-fae809fc\"><div class=\"gb-inside-container\">\n\n<figure class=\"wp-block-image size-large\"><img loading=\"lazy\" decoding=\"async\" width=\"600\" height=\"900\" src=\"https:\/\/petrathecfo.de\/wp-content\/uploads\/2020\/11\/petra_the_cfo-1.jpg\" alt=\"\" class=\"wp-image-20495\" srcset=\"https:\/\/petrathecfo.de\/wp-content\/uploads\/2020\/11\/petra_the_cfo-1.jpg 600w, https:\/\/petrathecfo.de\/wp-content\/uploads\/2020\/11\/petra_the_cfo-1-200x300.jpg 200w\" sizes=\"auto, (max-width: 600px) 100vw, 600px\" \/><\/figure>\n\n<\/div><\/div><\/div>\n<\/div>\n<\/div><\/div>\n\n\n<p><\/p>\n","protected":false},"excerpt":{"rendered":"<p> &#8230; <a title=\"Die 3 gr\u00f6\u00dften Fehler bei Preisverhandlungen, und wie Du sie vermeidest\" class=\"read-more\" href=\"https:\/\/petrathecfo.de\/index.php\/2021\/04\/25\/die-3-groessten-fehler-bei-preisverhandlungen-und-wie-sie-sie-vermeiden\/\" aria-label=\"Read more about Die 3 gr\u00f6\u00dften Fehler bei Preisverhandlungen, und wie Du sie vermeidest\">Read More<\/a><\/p>\n","protected":false},"author":1,"featured_media":0,"parent":0,"menu_order":0,"comment_status":"closed","ping_status":"closed","template":"","meta":{"footnotes":""},"class_list":["post-25","page","type-page","status-publish","hentry","generate-columns","tablet-grid-50","mobile-grid-100","grid-parent","grid-50"],"_links":{"self":[{"href":"https:\/\/petrathecfo.de\/index.php\/wp-json\/wp\/v2\/pages\/25","targetHints":{"allow":["GET"]}}],"collection":[{"href":"https:\/\/petrathecfo.de\/index.php\/wp-json\/wp\/v2\/pages"}],"about":[{"href":"https:\/\/petrathecfo.de\/index.php\/wp-json\/wp\/v2\/types\/page"}],"author":[{"embeddable":true,"href":"https:\/\/petrathecfo.de\/index.php\/wp-json\/wp\/v2\/users\/1"}],"replies":[{"embeddable":true,"href":"https:\/\/petrathecfo.de\/index.php\/wp-json\/wp\/v2\/comments?post=25"}],"version-history":[{"count":6,"href":"https:\/\/petrathecfo.de\/index.php\/wp-json\/wp\/v2\/pages\/25\/revisions"}],"predecessor-version":[{"id":20712,"href":"https:\/\/petrathecfo.de\/index.php\/wp-json\/wp\/v2\/pages\/25\/revisions\/20712"}],"wp:attachment":[{"href":"https:\/\/petrathecfo.de\/index.php\/wp-json\/wp\/v2\/media?parent=25"}],"curies":[{"name":"wp","href":"https:\/\/api.w.org\/{rel}","templated":true}]}}